{"id":3067,"date":"2021-09-10T15:44:09","date_gmt":"2021-09-10T15:44:09","guid":{"rendered":"https:\/\/centroculturaldonavicenta.cl\/beta\/?page_id=3067"},"modified":"2021-09-10T16:45:39","modified_gmt":"2021-09-10T16:45:39","slug":"muelle-barrenechea","status":"publish","type":"page","link":"https:\/\/centroculturaldonavicenta.cl\/beta\/muelle-barrenechea\/","title":{"rendered":"Muelle Barrenechea"},"content":{"rendered":"\t\t<div data-elementor-type=\"wp-page\" data-elementor-id=\"3067\" class=\"elementor elementor-3067\">\n\t\t\t\t\t\t\t\t\t<section class=\"elementor-section elementor-top-section elementor-element elementor-element-877e7b2 elementor-section-boxed elementor-section-height-default elementor-section-height-default\" data-id=\"877e7b2\" data-element_type=\"section\">\n\t\t\t\t\t\t<div class=\"elementor-container elementor-column-gap-default\">\n\t\t\t\t\t<div class=\"elementor-column elementor-col-50 elementor-top-column elementor-element elementor-element-cae075e\" data-id=\"cae075e\" data-element_type=\"column\">\n\t\t\t<div class=\"elementor-widget-wrap elementor-element-populated\">\n\t\t\t\t\t\t\t\t<div class=\"elementor-element elementor-element-f925737 elementor-widget elementor-widget-image\" data-id=\"f925737\" data-element_type=\"widget\" data-widget_type=\"image.default\">\n\t\t\t\t<div class=\"elementor-widget-container\">\n\t\t\t<style>\/*! elementor - v3.13.3 - 28-05-2023 *\/\n.elementor-widget-image{text-align:center}.elementor-widget-image a{display:inline-block}.elementor-widget-image a img[src$=\".svg\"]{width:48px}.elementor-widget-image img{vertical-align:middle;display:inline-block}<\/style>\t\t\t\t\t\t\t\t\t\t\t\t<img loading=\"lazy\" decoding=\"async\" width=\"519\" height=\"800\" src=\"https:\/\/centroculturaldonavicenta.cl\/beta\/wp-content\/uploads\/2021\/09\/barrenechea.jpg\" class=\"attachment-large size-large wp-image-3083\" alt=\"\" srcset=\"https:\/\/centroculturaldonavicenta.cl\/beta\/wp-content\/uploads\/2021\/09\/barrenechea.jpg 519w, https:\/\/centroculturaldonavicenta.cl\/beta\/wp-content\/uploads\/2021\/09\/barrenechea-195x300.jpg 195w\" sizes=\"auto, (max-width: 519px) 100vw, 519px\" \/>\t\t\t\t\t\t\t\t\t\t\t\t\t\t\t<\/div>\n\t\t\t\t<\/div>\n\t\t\t\t\t<\/div>\n\t\t<\/div>\n\t\t\t\t<div class=\"elementor-column elementor-col-50 elementor-top-column elementor-element elementor-element-f6701ae\" data-id=\"f6701ae\" data-element_type=\"column\">\n\t\t\t<div class=\"elementor-widget-wrap elementor-element-populated\">\n\t\t\t\t\t\t\t\t<div class=\"elementor-element elementor-element-b855728 elementor-widget elementor-widget-heading\" data-id=\"b855728\" data-element_type=\"widget\" data-widget_type=\"heading.default\">\n\t\t\t\t<div class=\"elementor-widget-container\">\n\t\t\t<style>\/*! elementor - v3.13.3 - 28-05-2023 *\/\n.elementor-heading-title{padding:0;margin:0;line-height:1}.elementor-widget-heading .elementor-heading-title[class*=elementor-size-]>a{color:inherit;font-size:inherit;line-height:inherit}.elementor-widget-heading .elementor-heading-title.elementor-size-small{font-size:15px}.elementor-widget-heading .elementor-heading-title.elementor-size-medium{font-size:19px}.elementor-widget-heading .elementor-heading-title.elementor-size-large{font-size:29px}.elementor-widget-heading .elementor-heading-title.elementor-size-xl{font-size:39px}.elementor-widget-heading .elementor-heading-title.elementor-size-xxl{font-size:59px}<\/style><h2 class=\"elementor-heading-title elementor-size-default\">Muelle Barrenechea<\/h2>\t\t<\/div>\n\t\t\t\t<\/div>\n\t\t\t\t<div class=\"elementor-element elementor-element-ad85210 elementor-widget elementor-widget-spacer\" data-id=\"ad85210\" data-element_type=\"widget\" data-widget_type=\"spacer.default\">\n\t\t\t\t<div class=\"elementor-widget-container\">\n\t\t\t<style>\/*! elementor - v3.13.3 - 28-05-2023 *\/\n.elementor-column .elementor-spacer-inner{height:var(--spacer-size)}.e-con{--container-widget-width:100%}.e-con-inner>.elementor-widget-spacer,.e-con>.elementor-widget-spacer{width:var(--container-widget-width,var(--spacer-size));--align-self:var(--container-widget-align-self,initial);--flex-shrink:0}.e-con-inner>.elementor-widget-spacer>.elementor-widget-container,.e-con-inner>.elementor-widget-spacer>.elementor-widget-container>.elementor-spacer,.e-con>.elementor-widget-spacer>.elementor-widget-container,.e-con>.elementor-widget-spacer>.elementor-widget-container>.elementor-spacer{height:100%}.e-con-inner>.elementor-widget-spacer>.elementor-widget-container>.elementor-spacer>.elementor-spacer-inner,.e-con>.elementor-widget-spacer>.elementor-widget-container>.elementor-spacer>.elementor-spacer-inner{height:var(--container-widget-height,var(--spacer-size))}<\/style>\t\t<div class=\"elementor-spacer\">\n\t\t\t<div class=\"elementor-spacer-inner\"><\/div>\n\t\t<\/div>\n\t\t\t\t<\/div>\n\t\t\t\t<\/div>\n\t\t\t\t<div class=\"elementor-element elementor-element-c429c6f elementor-widget elementor-widget-text-editor\" data-id=\"c429c6f\" data-element_type=\"widget\" data-widget_type=\"text-editor.default\">\n\t\t\t\t<div class=\"elementor-widget-container\">\n\t\t\t<style>\/*! elementor - v3.13.3 - 28-05-2023 *\/\n.elementor-widget-text-editor.elementor-drop-cap-view-stacked .elementor-drop-cap{background-color:#69727d;color:#fff}.elementor-widget-text-editor.elementor-drop-cap-view-framed .elementor-drop-cap{color:#69727d;border:3px solid;background-color:transparent}.elementor-widget-text-editor:not(.elementor-drop-cap-view-default) .elementor-drop-cap{margin-top:8px}.elementor-widget-text-editor:not(.elementor-drop-cap-view-default) .elementor-drop-cap-letter{width:1em;height:1em}.elementor-widget-text-editor .elementor-drop-cap{float:left;text-align:center;line-height:1;font-size:50px}.elementor-widget-text-editor .elementor-drop-cap-letter{display:inline-block}<\/style>\t\t\t\t<p>En el Morro se ubic\u00f3 la Compa\u00f1\u00eda Barrenechea, perteneciente a Jos\u00e9 Antonio Barrenechea, que instal\u00f3 el primer <em>mineroducto<\/em> de Tarapac\u00e1, que fue usado para transportar salitre l\u00edquido, al que se le extra\u00eda el agua en Iquique, y posteriormente se colocaba en sacos.<\/p><p>En junio de 1873, la Compa\u00f1\u00eda Salitrera Barrenechea, comenzar\u00e1 a ensacar, en Iquique, el salitre que tra\u00eda al puerto por la ca\u00f1er\u00eda tendida desde la <em>Oficina Uni\u00f3n<\/em> con ese prop\u00f3sito (en marzo del mismo a\u00f1o ya hab\u00eda hecho las primeras pruebas con \u00e9xito). Durante la Guerra del Pac\u00edfico, Adolfo Palacios \u2013ayudado por Guillermo Billinghurst\u2013, usar\u00e1 este ducto, para transportar agua a la sedienta poblaci\u00f3n privada de consumirla, debido al bloqueo realizado por la flota chilena a Iquique.<\/p><p>A la derecha, secci\u00f3n del plano de Iquique del Ingeniero Carlos A. Navarrete de 1882 muestra la punta norte del sector del morro, donde se ubicaba el muelle de la Compa\u00f1\u00eda Barrenechea, y el nexo con sus instalaciones.<\/p>\t\t\t\t\t\t<\/div>\n\t\t\t\t<\/div>\n\t\t\t\t\t<\/div>\n\t\t<\/div>\n\t\t\t\t\t\t\t<\/div>\n\t\t<\/section>\n\t\t\t\t\t\t\t<\/div>\n\t\t","protected":false},"excerpt":{"rendered":"<p>Muelle Barrenechea En el Morro se ubic\u00f3 la Compa\u00f1\u00eda Barrenechea, perteneciente a Jos\u00e9 Antonio Barrenechea, que instal\u00f3 el primer mineroducto de Tarapac\u00e1, que fue usado para transportar salitre l\u00edquido, al que se le extra\u00eda el agua en Iquique, y posteriormente se colocaba en sacos. En&#8230;<\/p>\n","protected":false},"author":1,"featured_media":0,"parent":0,"menu_order":0,"comment_status":"closed","ping_status":"closed","template":"","meta":{"footnotes":""},"class_list":["post-3067","page","type-page","status-publish","hentry"],"amp_enabled":true,"_links":{"self":[{"href":"https:\/\/centroculturaldonavicenta.cl\/beta\/wp-json\/wp\/v2\/pages\/3067","targetHints":{"allow":["GET"]}}],"collection":[{"href":"https:\/\/centroculturaldonavicenta.cl\/beta\/wp-json\/wp\/v2\/pages"}],"about":[{"href":"https:\/\/centroculturaldonavicenta.cl\/beta\/wp-json\/wp\/v2\/types\/page"}],"author":[{"embeddable":true,"href":"https:\/\/centroculturaldonavicenta.cl\/beta\/wp-json\/wp\/v2\/users\/1"}],"replies":[{"embeddable":true,"href":"https:\/\/centroculturaldonavicenta.cl\/beta\/wp-json\/wp\/v2\/comments?post=3067"}],"version-history":[{"count":23,"href":"https:\/\/centroculturaldonavicenta.cl\/beta\/wp-json\/wp\/v2\/pages\/3067\/revisions"}],"predecessor-version":[{"id":3123,"href":"https:\/\/centroculturaldonavicenta.cl\/beta\/wp-json\/wp\/v2\/pages\/3067\/revisions\/3123"}],"wp:attachment":[{"href":"https:\/\/centroculturaldonavicenta.cl\/beta\/wp-json\/wp\/v2\/media?parent=3067"}],"curies":[{"name":"wp","href":"https:\/\/api.w.org\/{rel}","templated":true}]}}